{"id":5,"date":"2022-10-18T14:37:02","date_gmt":"2022-10-18T17:37:02","guid":{"rendered":"http:\/\/3aeventos.com\/corridadotunel\/2023\/?page_id=5"},"modified":"2026-03-13T17:09:53","modified_gmt":"2026-03-13T20:09:53","slug":"home","status":"publish","type":"page","link":"https:\/\/3aeventos.com\/corridadotunel\/","title":{"rendered":"Home"},"content":{"rendered":"\n<div class=\"wp-block-cover alignfull is-light infos-content\"><img loading=\"lazy\" decoding=\"async\" width=\"960\" height=\"640\" class=\"wp-block-cover__image-background wp-image-1632 size-full\" alt=\"\" src=\"https:\/\/3aeventos.com\/corridadotunel\/wp-content\/uploads\/2026\/01\/nuvens.png\" data-object-fit=\"cover\" srcset=\"https:\/\/3aeventos.com\/corridadotunel\/wp-content\/uploads\/2026\/01\/nuvens.png 960w, https:\/\/3aeventos.com\/corridadotunel\/wp-content\/uploads\/2026\/01\/nuvens-300x200.png 300w, https:\/\/3aeventos.com\/corridadotunel\/wp-content\/uploads\/2026\/01\/nuvens-768x512.png 768w\" sizes=\"auto, (max-width: 960px) 100vw, 960px\" \/><span aria-hidden=\"true\" class=\"wp-block-cover__background has-background-dim-0 has-background-dim\" style=\"background-color:#a5b4cf\"><\/span><div class=\"wp-block-cover__inner-container is-layout-constrained wp-block-cover-is-layout-constrained\">\n<div class=\"wp-block-getwid-section alignfull alignfull getwid-section-content-full-width\"><div class=\"wp-block-getwid-section__wrapper getwid-padding-top-none getwid-padding-bottom-none getwid-padding-left-none getwid-padding-right-none\"><div class=\"wp-block-getwid-section__inner-wrapper\"><div class=\"wp-block-getwid-section__background-holder\"><div class=\"wp-block-getwid-section__background\"><\/div><div class=\"wp-block-getwid-section__foreground\"><\/div><\/div><div class=\"wp-block-getwid-section__content\"><div class=\"wp-block-getwid-section__inner-content\">\n<div class=\"wp-block-group alignfull px-6 py-16 lg:py-24 !gap-16 lg:!gap-0 is-vertical is-content-justification-center is-layout-flex wp-container-core-group-is-layout-4b2eccd6 wp-block-group-is-layout-flex\">\n<div class=\"wp-block-group alignwide lg:w-[60%] mx-auto wp-container-content-88a6062c is-vertical is-layout-flex wp-container-core-group-is-layout-c2991436 wp-block-group-is-layout-flex\" id=\"provas\" style=\"padding-top:var(--wp--preset--spacing--40)\">\n<div class=\"wp-block-getwid-tabs w-full\" data-active-tab=\"0\"><ul class=\"wp-block-getwid-tabs__nav-links\"><\/ul>\n<div class=\"wp-block-getwid-tabs__nav-link\"><span class=\"wp-block-getwid-tabs__title-wrapper\"><a href=\"#\"><span class=\"wp-block-getwid-tabs__title\">Percurso 10K<\/span><\/a><\/span><\/div><div class=\"wp-block-getwid-tabs__tab-content-wrapper\"><div class=\"wp-block-getwid-tabs__tab-content\">\n<iframe loading=\"lazy\" src=\"https:\/\/www.google.com\/maps\/d\/u\/0\/embed?mid=1qqhHtUtBt2NirUq-fDKF2FfwEi7X2Srm&#038;ehbc=2E312F\" width=\"100%\" height=\"480\"><\/iframe>\n<\/div><\/div>\n\n\n\n<div class=\"wp-block-getwid-tabs__nav-link\"><span class=\"wp-block-getwid-tabs__title-wrapper\"><a href=\"#\"><span class=\"wp-block-getwid-tabs__title\">Percurso 6K<\/span><\/a><\/span><\/div><div class=\"wp-block-getwid-tabs__tab-content-wrapper\"><div class=\"wp-block-getwid-tabs__tab-content\">\n<iframe loading=\"lazy\" src=\"https:\/\/www.google.com\/maps\/d\/embed?mid=1JoYytOZK048t5UaNlE0H-VXBi6_lTzmB&#038;ehbc=2E312F\" width=\"100%\" height=\"480\"><\/iframe>\n<\/div><\/div>\n<\/div>\n<\/div>\n\n\n\n<div style=\"height:0px\" aria-hidden=\"true\" class=\"wp-block-spacer hidden lg:block wp-container-content-88a6062c\"><\/div>\n\n\n\n<div class=\"wp-block-group alignwide lg:w-[80%] mx-auto wp-container-content-88a6062c is-vertical is-content-justification-stretch is-nowrap is-layout-flex wp-container-core-group-is-layout-cfd658ae wp-block-group-is-layout-flex\" id=\"infos\" style=\"padding-top:var(--wp--preset--spacing--40)\">\n<div class=\"wp-block-columns relative is-layout-flex wp-container-core-columns-is-layout-9d6595d7 wp-block-columns-is-layout-flex\">\n<div class=\"wp-block-column sticky top-0 is-layout-flow wp-block-column-is-layout-flow\" style=\"flex-basis:40%\">\n<div class=\"wp-block-group is-vertical is-layout-flex wp-container-core-group-is-layout-8cf370e7 wp-block-group-is-layout-flex\">\n<figure class=\"wp-block-image size-full w-[40%]\"><img loading=\"lazy\" decoding=\"async\" width=\"481\" height=\"208\" src=\"https:\/\/3aeventos.com\/corridadotunel\/wp-content\/uploads\/2026\/01\/Group-29.png\" alt=\"\" class=\"wp-image-1618\" srcset=\"https:\/\/3aeventos.com\/corridadotunel\/wp-content\/uploads\/2026\/01\/Group-29.png 481w, https:\/\/3aeventos.com\/corridadotunel\/wp-content\/uploads\/2026\/01\/Group-29-300x130.png 300w\" sizes=\"auto, (max-width: 481px) 100vw, 481px\" \/><\/figure>\n\n\n\n<h2 class=\"wp-block-heading font-detail has-secondary-color has-text-color has-link-color wp-elements-348348d672268860eb8de6f1ea0ae955\" style=\"font-style:normal;font-weight:400;text-transform:uppercase\">Informa\u00e7\u00f5es <br>das provas<\/h2>\n<\/div>\n<\/div>\n\n\n\n<div class=\"wp-block-column is-layout-flow wp-block-column-is-layout-flow\" style=\"flex-basis:60%\">\n<div class=\"wp-block-group alignfull !gap-4 is-vertical is-content-justification-stretch is-layout-flex wp-container-core-group-is-layout-b16ad781 wp-block-group-is-layout-flex\">\n<div class=\"wp-block-getwid-toggle alignfull flex flex-col gap-4\">\n<div class=\"wp-block-getwid-toggle__row\"><div class=\"wp-block-getwid-toggle__header-wrapper\"><h6 class=\"wp-block-getwid-toggle__header\"><a href=\"#\"><span class=\"wp-block-getwid-toggle__header-title\">Informa\u00e7\u00f5es Gerais<\/span><span class=\"wp-block-getwid-toggle__icon is-active\"><i class=\"fas fa-plus\"><\/i><\/span><span class=\"wp-block-getwid-toggle__icon is-passive\"><i class=\"fas fa-minus\"><\/i><\/span><\/a><\/h6><\/div><div class=\"wp-block-getwid-toggle__content-wrapper\"><div class=\"wp-block-getwid-toggle__content\">\n<div class=\"wp-block-group is-vertical is-layout-flex wp-container-core-group-is-layout-8cf370e7 wp-block-group-is-layout-flex\">\n<p><strong>Corrida do T\u00fanel 2026<\/strong><\/p>\n\n\n\n<div class=\"wp-block-group is-vertical is-layout-flex wp-container-core-group-is-layout-8cf370e7 wp-block-group-is-layout-flex\">\n<p><strong>DATA<\/strong>: 22 de mar\u00e7o de 2026<\/p>\n\n\n\n<p><strong>LOCAL<\/strong>: Pra\u00e7a do R\u00e1dio Amador, Charitas. &#8211; Av. Quintino Bocaiuva s\/n &#8211; Charitas, Niter\u00f3i\/ RJ<\/p>\n\n\n\n<p><strong>PROVAS<\/strong>: <br><strong>10 km<\/strong>: 5h30<br><strong>6 km<\/strong>: 7h15<\/p>\n\n\n\n<p>Local de largada e chegada: Charitas, Niter\u00f3i<\/p>\n\n\n\n<p>Hor\u00e1rios podem ser ajustados por motivos t\u00e9cnicos\/seguran\u00e7a.&nbsp;<\/p>\n\n\n\n<p><\/p>\n<\/div>\n\n\n\n<div class=\"wp-block-group is-vertical is-layout-flex wp-container-core-group-is-layout-8cf370e7 wp-block-group-is-layout-flex\">\n<p><strong>1) TEMPO DE CORTE<\/strong><\/p>\n\n\n\n<p>6 km: tempo m\u00e1ximo de 1h ap\u00f3s a largada oficial<\/p>\n\n\n\n<p>10 km: tempo m\u00e1ximo de 1h30 ap\u00f3s a largada oficial<\/p>\n\n\n\n<p>Atletas que excederem o tempo de corte ser\u00e3o automaticamente desclassificados, independentemente de conclu\u00edrem o percurso. A toler\u00e2ncia de largada n\u00e3o altera o tempo oficial de prova nem o tempo de corte, que s\u00e3o contados a partir do hor\u00e1rio oficial da largada.<\/p>\n\n\n\n<p><\/p>\n\n\n\n<p>Para mais informa\u00e7\u00f5es <a href=\"https:\/\/3aeventos.com\/corridadotunel\/wp-content\/uploads\/2026\/01\/Regulamento-tunel-2026-1_4.pdf\" target=\"_blank\" rel=\"noreferrer noopener\" class=\"underline font-semibold\">clique e baixe o regulamento<\/a>.<\/p>\n<\/div>\n<\/div>\n<\/div><\/div><\/div>\n\n\n\n<div class=\"wp-block-getwid-toggle__row\"><div class=\"wp-block-getwid-toggle__header-wrapper\"><h6 class=\"wp-block-getwid-toggle__header\"><a href=\"#\"><span class=\"wp-block-getwid-toggle__header-title\">Categorias<\/span><span class=\"wp-block-getwid-toggle__icon is-active\"><i class=\"fas fa-plus\"><\/i><\/span><span class=\"wp-block-getwid-toggle__icon is-passive\"><i class=\"fas fa-minus\"><\/i><\/span><\/a><\/h6><\/div><div class=\"wp-block-getwid-toggle__content-wrapper\"><div class=\"wp-block-getwid-toggle__content\">\n<div class=\"wp-block-group is-vertical is-layout-flex wp-container-core-group-is-layout-8cf370e7 wp-block-group-is-layout-flex\">\n<p>Masculino e Feminino.<\/p>\n\n\n\n<p><strong>Faixas et\u00e1rias (CBAt) \u2013 idade em 31\/12\/2026:<\/strong><\/p>\n\n\n\n<p>At\u00e9 19, 20\u201324, 25\u201329, 30\u201334, 35\u201339, 40\u201344, 45\u201349, 50\u201354, 55\u201359, 60\u201364, 65\u201369 e 70+.<\/p>\n\n\n\n<p><\/p>\n\n\n\n<p><strong>IDADE M\u00cdNIMA (CBAT)<\/strong><\/p>\n\n\n\n<ul class=\"wp-block-list\">\n<li><strong>6 km:<\/strong> m\u00ednimo 12 anos<\/li>\n\n\n\n<li><strong>10 km:<\/strong> m\u00ednimo 14 anos<\/li>\n<\/ul>\n\n\n\n<p><em>Menores de idade devem apresentar autoriza\u00e7\u00e3o. <\/em>(<a href=\"https:\/\/3aeventos.com\/documentos\/autorizacao-responsavel.pdf\" target=\"_blank\" rel=\"noreferrer noopener\" class=\"underline font-semibold\">clique aqui para baixar<\/a>)<\/p>\n<\/div>\n<\/div><\/div><\/div>\n\n\n\n<div class=\"wp-block-getwid-toggle__row\"><div class=\"wp-block-getwid-toggle__header-wrapper\"><h6 class=\"wp-block-getwid-toggle__header\"><a href=\"#\"><span class=\"wp-block-getwid-toggle__header-title\">Retirada de Kit<\/span><span class=\"wp-block-getwid-toggle__icon is-active\"><i class=\"fas fa-plus\"><\/i><\/span><span class=\"wp-block-getwid-toggle__icon is-passive\"><i class=\"fas fa-minus\"><\/i><\/span><\/a><\/h6><\/div><div class=\"wp-block-getwid-toggle__content-wrapper\"><div class=\"wp-block-getwid-toggle__content\">\n<div class=\"wp-block-group is-vertical is-layout-flex wp-container-core-group-is-layout-8cf370e7 wp-block-group-is-layout-flex\">\n<p><strong>RETIRADA<\/strong><\/p>\n\n\n\n<p><strong>DATA:<\/strong> Sexta-feira 20\/03 e S\u00e1bado 21\/03<\/p>\n\n\n\n<p><strong>HOR\u00c1RIO: <\/strong>das 9h \u00e0s 17h<\/p>\n\n\n\n<p><strong>LOCAL:<\/strong> Barcellos Sports Icara\u00ed &#8211; RUA JOAQUIM T\u00c1VORA, 33, LOJA 03 &#8211; ICARA\u00cd &#8211; NITER\u00d3I &#8211; RJ<\/p>\n\n\n\n<p>*Obrigat\u00f3ria a apresenta\u00e7\u00e3o de <strong>documento com foto<\/strong> e <strong>comprovante de inscri\u00e7\u00e3o (digital ou online)<\/strong>.<\/p>\n\n\n\n<div style=\"height:0px\" aria-hidden=\"true\" class=\"wp-block-spacer wp-container-content-c0740251\"><\/div>\n<\/div>\n\n\n\n<div class=\"wp-block-group is-vertical is-layout-flex wp-container-core-group-is-layout-8cf370e7 wp-block-group-is-layout-flex\">\n<p><strong>RETIRADA POR TERCEIROS<\/strong><br>Necess\u00e1ria <strong>autoriza\u00e7\u00e3o <\/strong>(<a href=\"https:\/\/3aeventos.com\/documentos\/autorizacao-retirada-kits-terceiros.pdf\" target=\"_blank\" rel=\"noreferrer noopener\" class=\"underline font-semibold hover:!text-secondary\">clique aqui para baixar<\/a>) + <strong>documento com foto<\/strong> e <strong>comprovante de inscri\u00e7\u00e3o<\/strong><\/p>\n\n\n\n<p><\/p>\n\n\n\n<p><\/p>\n\n\n\n<p><strong>ENTREGA DE KIT NO DIA DA PROVA (SERVI\u00c7O OPCIONAL PAGO)<\/strong><\/p>\n\n\n\n<p>&#8211; Como funciona:<\/p>\n\n\n\n<p>De forma <strong>opcional<\/strong>, ser\u00e1 disponibilizado o <strong>servi\u00e7o de retirada de kit no dia da prova<\/strong>, mediante <strong>contrata\u00e7\u00e3o pr\u00e9via no ato da inscri\u00e7\u00e3o<\/strong>, exclusivamente pela plataforma <strong>Ticket Sports<\/strong>, no valor de <strong>R$28,00<\/strong>, n\u00e3o substituindo a entrega oficial de kits.<\/p>\n\n\n\n<p>A retirada no dia da prova ocorrer\u00e1 <strong>no local de largada<\/strong>, em <strong>baia espec\u00edfica junto ao guarda-volumes<\/strong>, no hor\u00e1rio <strong>das 4h45 \u00e0s 7h00<\/strong>, impreterivelmente. A retirada do kit est\u00e1 condicionada \u00e0 apresenta\u00e7\u00e3o de <strong>documento oficial com foto<\/strong>.<\/p>\n\n\n\n<p>&#8211; Regras:<\/p>\n\n\n\n<p>O kit ficar\u00e1 dispon\u00edvel <strong>somente dentro do hor\u00e1rio estabelecido<\/strong>. O atleta que n\u00e3o realizar a retirada dentro do prazo <strong>perder\u00e1 definitivamente o direito ao kit<\/strong>, n\u00e3o havendo possibilidade de reembolso ou compensa\u00e7\u00e3o.<\/p>\n\n\n\n<p>A organiza\u00e7\u00e3o <strong>n\u00e3o se responsabiliza por atrasos, perda de largada ou quaisquer preju\u00edzos decorrentes do n\u00e3o comparecimento do atleta dentro do hor\u00e1rio definido para a retirada do kit<\/strong>.<\/p>\n\n\n\n<p><em>A <\/em><strong><em>entrega oficial de kits<\/em><\/strong><em> <\/em><em>do evento ser\u00e1 realizada <\/em><strong><em>gratuitamente<\/em><\/strong><em> <\/em><em>nos <\/em><strong><em>dias, locais e hor\u00e1rios previamente divulgados pela organiza\u00e7\u00e3o<\/em><\/strong><em>, conforme disposto neste regulamento.<\/em><\/p>\n\n\n\n<p><\/p>\n\n\n\n<p><strong>N\u00c3O RETIRADA<\/strong><br>A n\u00e3o retirada dentro do prazo implica perda do direito ao kit e \u00e0 participa\u00e7\u00e3o, <strong>sem reembolso<\/strong>. <\/p>\n\n\n\n<p><em>Entrega de kits no dia da prova, apenas no servi\u00e7o pago na inscri\u00e7\u00e3o.<\/em><\/p>\n\n\n\n<p><\/p>\n\n\n\n<p><strong>KIT DO ATLETA<\/strong><br>Kit participa\u00e7\u00e3o: n\u00famero de peito + poss\u00edveis brindes.<br>Camisa e\/ou Regata tecnol\u00f3gica poder\u00e1 ser adquirida \u00e0 parte durante a compra de sua inscri\u00e7\u00e3o, dentro do ticket sports.<\/p>\n\n\n\n<p><em>N\u00e3o ser\u00e1 permitido alterar o tamanho da camisa ap\u00f3s dia 08\/03<\/em><\/p>\n<\/div>\n<\/div><\/div><\/div>\n\n\n\n<div class=\"wp-block-getwid-toggle__row\"><div class=\"wp-block-getwid-toggle__header-wrapper\"><h6 class=\"wp-block-getwid-toggle__header\"><a href=\"#\"><span class=\"wp-block-getwid-toggle__header-title\">Cronometragem<\/span><span class=\"wp-block-getwid-toggle__icon is-active\"><i class=\"fas fa-plus\"><\/i><\/span><span class=\"wp-block-getwid-toggle__icon is-passive\"><i class=\"fas fa-minus\"><\/i><\/span><\/a><\/h6><\/div><div class=\"wp-block-getwid-toggle__content-wrapper\"><div class=\"wp-block-getwid-toggle__content\">\n<div class=\"wp-block-group is-vertical is-layout-flex wp-container-core-group-is-layout-8cf370e7 wp-block-group-is-layout-flex\">\n<p>O atleta receber\u00e1 <strong>n\u00famero de peito<\/strong> e <strong>chip de cronometragem<\/strong>, ambos de uso obrigat\u00f3rio e vis\u00edvel.<\/p>\n\n\n\n<ul class=\"wp-block-list\">\n<li>A aus\u00eancia, m\u00e1 utiliza\u00e7\u00e3o ou adultera\u00e7\u00e3o implicar\u00e1 desclassifica\u00e7\u00e3o.<\/li>\n<\/ul>\n\n\n\n<p>\u00c9 proibida a participa\u00e7\u00e3o sem inscri\u00e7\u00e3o (\u201cpipoca\u201d).<\/p>\n<\/div>\n<\/div><\/div><\/div>\n\n\n\n<div class=\"wp-block-getwid-toggle__row\"><div class=\"wp-block-getwid-toggle__header-wrapper\"><h6 class=\"wp-block-getwid-toggle__header\"><a href=\"#\"><span class=\"wp-block-getwid-toggle__header-title\">Percurso e Hidrata\u00e7\u00e3o<\/span><span class=\"wp-block-getwid-toggle__icon is-active\"><i class=\"fas fa-plus\"><\/i><\/span><span class=\"wp-block-getwid-toggle__icon is-passive\"><i class=\"fas fa-minus\"><\/i><\/span><\/a><\/h6><\/div><div class=\"wp-block-getwid-toggle__content-wrapper\"><div class=\"wp-block-getwid-toggle__content\">\n<div class=\"wp-block-group is-vertical is-layout-flex wp-container-core-group-is-layout-8cf370e7 wp-block-group-is-layout-flex\">\n<p><strong>Percurso<\/strong><\/p>\n\n\n\n<p>O percurso estar\u00e1 sinalizado com cones, grades e staff.<br>\u00c9 responsabilidade do atleta conhecer o trajeto e passar pelos pontos de controle.<br>Desvios ou atalhos resultar\u00e3o em desclassifica\u00e7\u00e3o.<\/p>\n\n\n\n<p><\/p>\n\n\n\n<p><strong>Hidrata\u00e7\u00e3o<\/strong><\/p>\n\n\n\n<p>Hidrata\u00e7\u00e3o com \u00e1gua prevista para os seguintes pontos:<br>10 km: km 2, km 6 e km 8<br>6 km: km 2 e km 4<\/p>\n\n\n\n<p><em>Copos devem ser descartados nas lixeiras ao longo do percurso.<\/em><\/p>\n<\/div>\n<\/div><\/div><\/div>\n\n\n\n<div class=\"wp-block-getwid-toggle__row\"><div class=\"wp-block-getwid-toggle__header-wrapper\"><h6 class=\"wp-block-getwid-toggle__header\"><a href=\"#\"><span class=\"wp-block-getwid-toggle__header-title\">Guarda-volumes<\/span><span class=\"wp-block-getwid-toggle__icon is-active\"><i class=\"fas fa-plus\"><\/i><\/span><span class=\"wp-block-getwid-toggle__icon is-passive\"><i class=\"fas fa-minus\"><\/i><\/span><\/a><\/h6><\/div><div class=\"wp-block-getwid-toggle__content-wrapper\"><div class=\"wp-block-getwid-toggle__content\">\n<div class=\"wp-block-group is-vertical is-layout-flex wp-container-core-group-is-layout-8cf370e7 wp-block-group-is-layout-flex\">\n<p>Funcionamento: 5h30 \u00e0s 10h00. <br>Objetos de valor s\u00e3o de responsabilidade do atleta.<br>Itens n\u00e3o retirados at\u00e9 o encerramento do guarda-volumes ser\u00e3o doados, n\u00e3o havendo responsabilidade posterior da organiza\u00e7\u00e3o.<\/p>\n<\/div>\n<\/div><\/div><\/div>\n\n\n\n<div class=\"wp-block-getwid-toggle__row\"><div class=\"wp-block-getwid-toggle__header-wrapper\"><h6 class=\"wp-block-getwid-toggle__header\"><a href=\"#\"><span class=\"wp-block-getwid-toggle__header-title\">Premia\u00e7\u00e3o<\/span><span class=\"wp-block-getwid-toggle__icon is-active\"><i class=\"fas fa-plus\"><\/i><\/span><span class=\"wp-block-getwid-toggle__icon is-passive\"><i class=\"fas fa-minus\"><\/i><\/span><\/a><\/h6><\/div><div class=\"wp-block-getwid-toggle__content-wrapper\"><div class=\"wp-block-getwid-toggle__content\">\n<div class=\"wp-block-group is-vertical is-layout-flex wp-container-core-group-is-layout-8cf370e7 wp-block-group-is-layout-flex\">\n<p><strong>MEDALHA DE FINISHER<\/strong><br>Todo atleta que completar a prova dentro das regras estabelecidas receber\u00e1 a <strong>medalha de finisher<\/strong>.<\/p>\n\n\n\n<p>Atletas que n\u00e3o conclu\u00edrem a prova dentro do tempo limite ser\u00e3o <strong>desclassificados<\/strong> e <strong>n\u00e3o ter\u00e3o direito<\/strong> \u00e0 medalha de conclus\u00e3o.<\/p>\n\n\n\n<p><\/p>\n\n\n\n<p><strong>PREMIA\u00c7\u00c3O GERAL&nbsp;<\/strong><\/p>\n\n\n\n<ul class=\"wp-block-list\">\n<li>Trof\u00e9us para os 5 (cinco) primeiros colocados gerais (M\/F) provas de 10 km e 6 km.&nbsp;<\/li>\n\n\n\n<li>Os 3 (tr\u00eas) primeiros colocados gerais (M\/F) de cada dist\u00e2ncia receber\u00e3o inscri\u00e7\u00e3o gratuita de kits simples intransfer\u00edvel para a Corrida do T\u00fanel 2027.<br><\/li>\n<\/ul>\n\n\n\n<p>Atletas premiados na classifica\u00e7\u00e3o geral n\u00e3o acumulam premia\u00e7\u00e3o por faixa et\u00e1ria.<\/p>\n\n\n\n<p><em>A classifica\u00e7\u00e3o Geral \u00e9 definida por tempo bruto (ordem real de chegada), conforme diretrizes CBAt.<\/em><\/p>\n\n\n\n<p><\/p>\n\n\n\n<p><strong>PREMIA\u00c7\u00c3O POR FAIXA ET\u00c1RIA (CBAT)<\/strong><\/p>\n\n\n\n<p><strong>Faixas et\u00e1rias (CBAt) \u2013 idade em 31\/12\/2026:<\/strong><\/p>\n\n\n\n<p>At\u00e9 19, 20\u201324, 25\u201329, 30\u201334, 35\u201339, 40\u201344, 45\u201349, 50\u201354, 55\u201359, 60\u201364, 65\u201369 e 70+.<\/p>\n\n\n\n<p>A prova de <strong>6 km<\/strong> contar\u00e1 com premia\u00e7\u00e3o adicional para atletas <strong>at\u00e9 14 anos<\/strong>.<\/p>\n\n\n\n<ul class=\"wp-block-list\">\n<li>3 (tr\u00eas) primeiros de cada faixa et\u00e1ria nas provas de 10 km e 6 km, M\/F ser\u00e3o premiados com mini trof\u00e9us.<\/li>\n\n\n\n<li>A classifica\u00e7\u00e3o por faixa et\u00e1ria \u00e9 apurada por tempo l\u00edquido (chip).<\/li>\n<\/ul>\n\n\n\n<p><\/p>\n\n\n\n<p><strong>RETIRADA DE PREMIA\u00c7\u00c3O FAIXA ET\u00c1RIA<\/strong><\/p>\n\n\n\n<ul class=\"wp-block-list\">\n<li>A retirada da premia\u00e7\u00e3o das faixas et\u00e1rias ser\u00e1 realizada na <strong>tenda de premia\u00e7\u00e3o<\/strong>, ao lado do palco, <strong>ap\u00f3s a divulga\u00e7\u00e3o oficial dos resultados pelo locutor<\/strong>. Os trof\u00e9us ficar\u00e3o dispon\u00edveis para retirada <strong>at\u00e9 as 10h<\/strong>, mediante apresenta\u00e7\u00e3o do <strong>n\u00famero de peito<\/strong>. Ap\u00f3s a retirada, os atletas premiados poder\u00e3o utilizar um <strong>painel exclusivo para fotos<\/strong>. Posteriormente, o locutor far\u00e1 a chamada para que os atletas subam ao palco para a cerim\u00f4nia de p\u00f3dio.<\/li>\n\n\n\n<li><strong>Retirada por terceiros:<\/strong> \u00e9 necess\u00e1rio que o representante entregue o n\u00famero de peito do atleta na tenda da premia\u00e7\u00e3o, assinando a retirada do pr\u00eamio.<\/li>\n<\/ul>\n\n\n\n<p><em><em>A n\u00e3o retirada da premia\u00e7\u00e3o <\/em><strong><em>no dia do evento<\/em><\/strong><em>, <\/em><strong><em>no local<\/em><\/strong><em> e <\/em><strong><em>no hor\u00e1rio definidos pela organiza\u00e7\u00e3o<\/em><\/strong><em> implicar\u00e1 na <\/em><strong><em>perda definitiva do direito ao pr\u00eamio<\/em><\/strong><em>, n\u00e3o havendo possibilidade de envio posterior ou qualquer tipo de compensa\u00e7\u00e3o.<\/em><\/em><\/p>\n<\/div>\n<\/div><\/div><\/div>\n\n\n\n<div class=\"wp-block-getwid-toggle__row\"><div class=\"wp-block-getwid-toggle__header-wrapper\"><h6 class=\"wp-block-getwid-toggle__header\"><a href=\"#\"><span class=\"wp-block-getwid-toggle__header-title\">Documentos<\/span><span class=\"wp-block-getwid-toggle__icon is-active\"><i class=\"fas fa-plus\"><\/i><\/span><span class=\"wp-block-getwid-toggle__icon is-passive\"><i class=\"fas fa-minus\"><\/i><\/span><\/a><\/h6><\/div><div class=\"wp-block-getwid-toggle__content-wrapper\"><div class=\"wp-block-getwid-toggle__content\">\n<div class=\"wp-block-group is-vertical is-layout-flex wp-container-core-group-is-layout-8cf370e7 wp-block-group-is-layout-flex\">\n<ul class=\"wp-block-list\">\n<li><a href=\"https:\/\/3aeventos.com\/documentos\/autorizacao-retirada-kits-terceiros.pdf\" target=\"_blank\" rel=\"noreferrer noopener\"><strong>Autoriza\u00e7\u00e3o retirada kit por terceiros<\/strong><\/a><\/li>\n\n\n\n<li><a href=\"https:\/\/3aeventos.com\/documentos\/autorizacao-responsavel.pdf\" target=\"_blank\" rel=\"noreferrer noopener\"><strong>Autoriza\u00e7\u00e3o para menores<\/strong><\/a><\/li>\n<\/ul>\n<\/div>\n<\/div><\/div><\/div>\n<\/div>\n<\/div>\n<\/div>\n<\/div>\n<\/div>\n<\/div>\n<\/div><\/div><\/div><\/div><\/div>\n\n\n\n<div class=\"wp-block-getwid-section alignfull hidden alignfull getwid-section-content-full-width\"><div class=\"wp-block-getwid-section__wrapper getwid-padding-top-none getwid-padding-bottom-none getwid-padding-left-none getwid-padding-right-none\"><div class=\"wp-block-getwid-section__inner-wrapper\"><div class=\"wp-block-getwid-section__background-holder\"><div class=\"wp-block-getwid-section__background has-background has-tertiary-background-color\"><\/div><div class=\"wp-block-getwid-section__foreground\"><\/div><\/div><div class=\"wp-block-getwid-section__content\"><div class=\"wp-block-getwid-section__inner-content\">\n<div class=\"wp-block-group alignfull px-6 py-16 lg:py-24 is-vertical is-content-justification-center is-layout-flex wp-container-core-group-is-layout-4b2eccd6 wp-block-group-is-layout-flex\">\n<div class=\"wp-block-group alignwide lg:w-[80%] mx-auto is-vertical is-content-justification-stretch is-nowrap is-layout-flex wp-container-core-group-is-layout-2082d7a3 wp-block-group-is-layout-flex\">\n<div class=\"wp-block-columns !gap-4 lg:!gap-8 is-layout-flex wp-container-core-columns-is-layout-abbe5815 wp-block-columns-is-layout-flex\" style=\"padding-top:0;padding-right:0;padding-bottom:0;padding-left:0\">\n<div class=\"wp-block-column is-vertically-aligned-stretch p-6 lg:p-12 rounded-xl relative has-primary-background-color has-background is-layout-flow wp-block-column-is-layout-flow\" style=\"flex-basis:40%\">\n<div class=\"wp-block-group alignfull absolute inset-0 border-3 border-[#383271] rounded-xl -translate-x-2 -translate-y-2 is-vertical is-content-justification-stretch is-layout-flex wp-container-core-group-is-layout-1761496b wp-block-group-is-layout-flex\"><\/div>\n\n\n\n<div class=\"wp-block-group alignfull max-w-[80%] is-vertical is-layout-flex wp-container-core-group-is-layout-8cf370e7 wp-block-group-is-layout-flex\">\n<h3 class=\"wp-block-heading font-detail\" style=\"font-style:normal;font-weight:400;text-transform:uppercase\">Benef\u00edcios para todos participantes<\/h3>\n\n\n\n<ul style=\"font-style:normal;font-weight:700\" class=\"wp-block-list has-dark-color has-text-color has-link-color wp-elements-4825c71c4d63951eec96c377dcc950a5\">\n<li>Medalha finisher<\/li>\n\n\n\n<li>Trof\u00e9u para 1\u00ba, 2\u00ba e 3\u00ba lugar<\/li>\n\n\n\n<li>Frutas p\u00f3s prova<\/li>\n\n\n\n<li>M\u00fasica<\/li>\n\n\n\n<li>Seguran\u00e7a<\/li>\n<\/ul>\n<\/div>\n<\/div>\n\n\n\n<div class=\"wp-block-column is-layout-flow wp-block-column-is-layout-flow\" style=\"padding-top:0;padding-bottom:0;flex-basis:60%\">\n<div class=\"wp-block-group alignfull !gap-4 lg:!gap-8 is-vertical is-content-justification-stretch is-layout-flex wp-container-core-group-is-layout-2cf191b8 wp-block-group-is-layout-flex\" style=\"padding-top:0;padding-bottom:0\">\n<div class=\"wp-block-cover rounded-xl\"><img decoding=\"async\" class=\"wp-block-cover__image-background wp-image-56 size-full\" alt=\"\" src=\"http:\/\/localhost\/corrida-do-tunel\/wp-content\/uploads\/2026\/01\/DJI_0312-768x500-1.jpg\" data-object-fit=\"cover\"\/><span aria-hidden=\"true\" class=\"wp-block-cover__background has-black-background-color has-background-dim-20 has-background-dim\"><\/span><div class=\"wp-block-cover__inner-container is-layout-constrained wp-block-cover-is-layout-constrained\">\n<p><\/p>\n<\/div><\/div>\n\n\n\n<div class=\"wp-block-buttons alignfull is-layout-flex wp-block-buttons-is-layout-flex\">\n<div class=\"wp-block-button has-custom-width wp-block-button__width-100\"><a class=\"wp-block-button__link has-secondary-background-color has-background wp-element-button\" style=\"padding-top:0.8rem;padding-bottom:0.8rem\">Inscreva-se<\/a><\/div>\n<\/div>\n<\/div>\n<\/div>\n<\/div>\n<\/div>\n<\/div>\n<\/div><\/div><\/div><\/div><\/div>\n<\/div><\/div>\n","protected":false},"excerpt":{"rendered":"","protected":false},"author":1,"featured_media":0,"parent":0,"menu_order":0,"comment_status":"closed","ping_status":"closed","template":"page-home","meta":{"footnotes":""},"class_list":["post-5","page","type-page","status-publish","hentry"],"_links":{"self":[{"href":"https:\/\/3aeventos.com\/corridadotunel\/wp-json\/wp\/v2\/pages\/5","targetHints":{"allow":["GET"]}}],"collection":[{"href":"https:\/\/3aeventos.com\/corridadotunel\/wp-json\/wp\/v2\/pages"}],"about":[{"href":"https:\/\/3aeventos.com\/corridadotunel\/wp-json\/wp\/v2\/types\/page"}],"author":[{"embeddable":true,"href":"https:\/\/3aeventos.com\/corridadotunel\/wp-json\/wp\/v2\/users\/1"}],"replies":[{"embeddable":true,"href":"https:\/\/3aeventos.com\/corridadotunel\/wp-json\/wp\/v2\/comments?post=5"}],"version-history":[{"count":427,"href":"https:\/\/3aeventos.com\/corridadotunel\/wp-json\/wp\/v2\/pages\/5\/revisions"}],"predecessor-version":[{"id":1716,"href":"https:\/\/3aeventos.com\/corridadotunel\/wp-json\/wp\/v2\/pages\/5\/revisions\/1716"}],"wp:attachment":[{"href":"https:\/\/3aeventos.com\/corridadotunel\/wp-json\/wp\/v2\/media?parent=5"}],"curies":[{"name":"wp","href":"https:\/\/api.w.org\/{rel}","templated":true}]}}